{"id":3702,"date":"2018-10-08T17:32:47","date_gmt":"2018-10-08T17:32:47","guid":{"rendered":"http:\/\/voraz.es\/?page_id=3702"},"modified":"2022-04-08T11:46:04","modified_gmt":"2022-04-08T11:46:04","slug":"politica-de-cookies","status":"publish","type":"page","link":"https:\/\/voraz.es\/fr\/politica-de-cookies\/","title":{"rendered":"Politique en mati\u00e8re de cookies"},"content":{"rendered":"<div id='av_section_1'  class='avia-section av-25a6ne-fff721dba851985db54a82f3384d13f0 main_color avia-section-large avia-no-border-styling  avia-builder-el-0  avia-builder-el-no-sibling  avia-bg-style-scroll container_wrap fullsize'  ><div class='container av-section-cont-open' ><main  role=\"main\" itemprop=\"mainContentOfPage\"  class='template-page content  av-content-full alpha units'><div class='post-entry post-entry-type-page post-entry-3702'><div class='entry-content-wrapper clearfix'>\n\n<style type=\"text\/css\" data-created_by=\"avia_inline_auto\" id=\"style-css-av-av_heading-18ad3a5ee9c5cb1c1e9c470dbbd1958a\">\n#top .av-special-heading.av-av_heading-18ad3a5ee9c5cb1c1e9c470dbbd1958a{\npadding-bottom:20px;\nfont-size:40px;\n}\nbody .av-special-heading.av-av_heading-18ad3a5ee9c5cb1c1e9c470dbbd1958a .av-special-heading-tag .heading-char{\nfont-size:25px;\n}\n#top #wrap_all .av-special-heading.av-av_heading-18ad3a5ee9c5cb1c1e9c470dbbd1958a .av-special-heading-tag{\nfont-size:40px;\n}\n.av-special-heading.av-av_heading-18ad3a5ee9c5cb1c1e9c470dbbd1958a .av-subheading{\nfont-size:15px;\n}\n\n@media only screen and (min-width: 480px) and (max-width: 767px){ \n#top #wrap_all .av-special-heading.av-av_heading-18ad3a5ee9c5cb1c1e9c470dbbd1958a .av-special-heading-tag{\nfont-size:0.8em;\n}\n}\n\n@media only screen and (max-width: 479px){ \n#top #wrap_all .av-special-heading.av-av_heading-18ad3a5ee9c5cb1c1e9c470dbbd1958a .av-special-heading-tag{\nfont-size:0.8em;\n}\n}\n<\/style>\n<div  class='av-special-heading av-av_heading-18ad3a5ee9c5cb1c1e9c470dbbd1958a av-special-heading-h2 blockquote modern-quote  avia-builder-el-1  el_before_av_hr  avia-builder-el-first  av-inherit-size'><h2 class='av-special-heading-tag'  itemprop=\"headline\"  >Politique en mati\u00e8re de cookies<\/h2><div class=\"special-heading-border\"><div class=\"special-heading-inner-border\"><\/div><\/div><\/div>\n\n<style type=\"text\/css\" data-created_by=\"avia_inline_auto\" id=\"style-css-av-1r7mje-0379381ccfe996434190ababd1a4ece0\">\n#top .hr.av-1r7mje-0379381ccfe996434190ababd1a4ece0{\nmargin-top:10px;\nmargin-bottom:10px;\n}\n.hr.av-1r7mje-0379381ccfe996434190ababd1a4ece0 .hr-inner{\nwidth:50px;\nborder-color:#000000;\n}\n<\/style>\n<div  class='hr av-1r7mje-0379381ccfe996434190ababd1a4ece0 hr-custom  avia-builder-el-2  el_after_av_heading  el_before_av_three_fourth  hr-left hr-icon-no'><span class='hr-inner inner-border-av-border-fat'><span class=\"hr-inner-style\"><\/span><\/span><\/div>\n\n<style type=\"text\/css\" data-created_by=\"avia_inline_auto\" id=\"style-css-av-1jbmru-902c544f2b83db9e1d98acf1c6ae3909\">\n.flex_column.av-1jbmru-902c544f2b83db9e1d98acf1c6ae3909{\nborder-radius:0px 0px 0px 0px;\npadding:0px 0px 0px 0px;\n}\n<\/style>\n<div  class='flex_column av-1jbmru-902c544f2b83db9e1d98acf1c6ae3909 av_three_fourth  avia-builder-el-3  el_after_av_hr  el_before_av_one_fourth  first flex_column_div av-zero-column-padding'     ><section  class='av_textblock_section av-1ceds2-af9455eaea2d1c079067576a38b8f75b'   itemscope=\"itemscope\" itemtype=\"https:\/\/schema.org\/CreativeWork\" ><div class='avia_textblock'  itemprop=\"text\" ><div id=\"lipsum\">\n<p class=\"p1\"><span class=\"s1\"><b>1. l'utilisation de cookies<\/b><\/span><\/p>\n<p class=\"p3\"><span class=\"s1\">Le site Voraz.eu utilise des cookies.<\/span><\/p>\n<p class=\"p3\"><span class=\"s1\">Les cookies sont des fichiers qui sont t\u00e9l\u00e9charg\u00e9s sur votre ordinateur lorsque vous acc\u00e9dez \u00e0 certains sites web. Les cookies permettent \u00e0 un site web, entre autres, de stocker et de r\u00e9cup\u00e9rer des informations sur les habitudes de navigation d'un utilisateur ou sur son \u00e9quipement et, en fonction des informations qu'ils contiennent et de la mani\u00e8re dont il utilise son \u00e9quipement.<\/span><\/p>\n<p class=\"p3\"><span class=\"s1\">Ils am\u00e9liorent \u00e9galement votre exp\u00e9rience de navigation, car ils permettent au site web de fournir \u00e0 l'utilisateur des informations susceptibles de l'int\u00e9resser en fonction de la mani\u00e8re dont il utilise le contenu du site web.<\/span><\/p>\n<p class=\"p3\"><span class=\"s1\">Si vous ne souhaitez pas recevoir de cookies, veuillez configurer votre navigateur Internet de mani\u00e8re \u00e0 ce qu'il les efface du disque dur de votre ordinateur, qu'il les bloque ou qu'il vous avertisse s'ils sont install\u00e9s. Pour continuer sans modifier vos param\u00e8tres en mati\u00e8re de cookies, il vous suffit de poursuivre votre visite sur le site web.<\/span><\/p>\n<p class=\"p1\"><span class=\"s1\"><b>2. Consentement<\/b><\/span><\/p>\n<p class=\"p3\"><span class=\"s1\">Les cookies que nous utilisons ne stockent aucune donn\u00e9e personnelle ni aucun type d'information susceptible de vous identifier, sauf si vous souhaitez vous enregistrer volontairement afin d'utiliser les services que nous mettons \u00e0 votre disposition ou de recevoir des informations sur les promotions et les contenus qui vous int\u00e9ressent.<\/span><\/p>\n<p class=\"p3\"><span class=\"s1\">Lorsque vous naviguez pour la premi\u00e8re fois sur notre site web, une banni\u00e8re expliquant l'utilisation des cookies appara\u00eet. En continuant sur notre site web, vous indiquez que vous consentez \u00e0 l'utilisation des cookies susmentionn\u00e9s et aux conditions contenues dans le pr\u00e9sent document. <\/span><span class=\"s2\"><b>politique en mati\u00e8re de cookies<\/b><\/span><span class=\"s1\">. Ce consentement est valable pour une p\u00e9riode de 13 mois. En cas de d\u00e9saccord, veuillez envoyer un courriel \u00e0<\/span><\/p>\n<p class=\"p3\"><span class=\"s1\">vorazembarcaciones@gmail.com | info@voraz.es<\/span><\/p>\n<p class=\"p1\"><span class=\"s1\"><b>3. les types de cookies et leur finalit\u00e9<\/b><\/span><\/p>\n<p class=\"p3\"><span class=\"s1\">Les cookies, en fonction de leur permanence, peuvent \u00eatre class\u00e9s comme suit :<\/span><\/p>\n<p class=\"p3\"><span class=\"s1\">Les cookies peuvent \u00eatre class\u00e9s comme suit en fonction de leur finalit\u00e9 :<\/span><\/p>\n<p class=\"p3\"><span class=\"s1\">Cookies de performance (techniques et de personnalisation) : Ce type de cookie m\u00e9morise vos pr\u00e9f\u00e9rences pour les outils pr\u00e9sents dans les services, afin que vous n'ayez pas \u00e0 reconfigurer le service \u00e0 chaque visite. A titre d'exemple, ce type de cookie comprend : les param\u00e8tres de volume des lecteurs vid\u00e9o ou audio et les vitesses de streaming vid\u00e9o compatibles avec votre navigateur.<\/span><\/p>\n<p class=\"p3\"><span class=\"s1\">Cookies analytiques : Chaque fois qu'un utilisateur visite un service ou une information du site web ou un outil d'un fournisseur externe (Google Analytics, Comscore et similaires qui peuvent \u00eatre ajout\u00e9s \u00e0 cette liste dans le cas o\u00f9 ils varient par rapport aux actuels) g\u00e9n\u00e8re un cookie analytique sur l'ordinateur de l'utilisateur. Ce cookie, qui n'est g\u00e9n\u00e9r\u00e9 que pendant la visite, sera utilis\u00e9 lors des prochaines visites sur les services du site pour identifier le visiteur de mani\u00e8re anonyme. Les principaux objectifs poursuivis sont les suivants :<\/span><\/p>\n<p class=\"p3\"><span class=\"s1\">Permettre l'identification anonyme des utilisateurs de la navigation par le biais du cookie (identifie les navigateurs et les appareils, pas les personnes) et donc le comptage approximatif du nombre de visiteurs et de leur \u00e9volution dans le temps.<\/span><\/p>\n<p class=\"p3\"><span class=\"s1\">Identifier de mani\u00e8re anonyme les contenus les plus visit\u00e9s et donc les plus attractifs pour les utilisateurs.<\/span><\/p>\n<p class=\"p3\"><span class=\"s1\">Savoir si l'utilisateur qui acc\u00e8de au site est un nouveau visiteur ou un visiteur r\u00e9gulier. Important : \u00e0 moins que l'utilisateur ne d\u00e9cide de s'inscrire \u00e0 un service ou \u00e0 un contenu du site web, le cookie ne sera jamais associ\u00e9 \u00e0 des donn\u00e9es personnelles permettant d'identifier l'utilisateur. Ces cookies ne seront utilis\u00e9s qu'\u00e0 des fins statistiques pour aider \u00e0 optimiser l'exp\u00e9rience de l'utilisateur sur le site web.<\/span><\/p>\n<p class=\"p3\"><span class=\"s1\">Cookies publicitaires propres : ils sont utilis\u00e9s pour g\u00e9rer le propri\u00e9taire du site web si un utilisateur a visit\u00e9 ou non la publicit\u00e9 qui a \u00e9t\u00e9 incluse. Ils permettent \u00e9galement de g\u00e9rer les espaces publicitaires sur la page en stockant des donn\u00e9es sur le comportement de navigation de l'utilisateur afin de pouvoir lui proposer des publicit\u00e9s.<\/span><\/p>\n<p class=\"p3\"><span class=\"s1\">Cookies publicitaires de tiers : Outre la publicit\u00e9 g\u00e9r\u00e9e par le site web dans ses contenus ou services, il peut offrir aux annonceurs la possibilit\u00e9 de diffuser des publicit\u00e9s par l'interm\u00e9diaire de tiers (\u201cAdServers\u201d). De cette mani\u00e8re, ces tiers peuvent stocker les cookies envoy\u00e9s depuis les contenus du site web \u00e0 partir des navigateurs des utilisateurs, ainsi qu'acc\u00e9der aux donn\u00e9es qui y sont stock\u00e9es. Les entreprises qui g\u00e9n\u00e8rent ces cookies ont leur propre politique de confidentialit\u00e9.<\/span><\/p>\n<p class=\"p1\"><span class=\"s1\"><b>4. Comment bloquer ou supprimer les cookies install\u00e9s<\/b><\/span><\/p>\n<p class=\"p3\"><span class=\"s1\">Vous pouvez autoriser, bloquer ou supprimer les cookies install\u00e9s sur votre ordinateur en configurant les options de votre navigateur. Vous trouverez des informations sur la mani\u00e8re de proc\u00e9der, en fonction des navigateurs les plus courants, dans les liens ci-dessous :<\/span><\/p>\n<p class=\"p3\"><span class=\"s1\"><b>Explorateur :<\/b> https:\/\/support.microsoft.com\/es-es\/kb\/278835<\/span><\/p>\n<p class=\"p3\"><span class=\"s1\"><b>Chrome :<\/b> http:\/\/support.google.com\/chrome\/bin\/answer.py?hl=es&amp;answer=95647<\/span><\/p>\n<p class=\"p3\"><span class=\"s1\"><b>Firefox :<\/b> https:\/\/support.mozilla.org\/es\/kb\/Borrar%20cookies<\/span><\/p>\n<p class=\"p3\"><span class=\"s1\"><b>Safari :<\/b> http:\/\/support.apple.com\/kb\/ph5042<\/span><\/p>\n<p class=\"p3\"><span class=\"s1\">Nous vous informons toutefois de la possibilit\u00e9 que la d\u00e9sactivation d'un cookie puisse emp\u00eacher ou g\u00eaner la navigation ou la fourniture des services offerts sur le site.<\/span><\/p>\n<p class=\"p1\"><span class=\"s1\"><b>5. Modifications<\/b><\/span><\/p>\n<p class=\"p3\"><span class=\"s1\">Le site Voraz.eu, propri\u00e9t\u00e9 de Voraz.eu, peut modifier cette politique de cookies en fonction des exigences l\u00e9gales, ou afin d'adapter cette politique aux instructions \u00e9mises par l'Agence espagnole de protection des donn\u00e9es.<\/span><\/p>\n<p class=\"p3\"><span class=\"s1\">C'est pourquoi nous conseillons aux utilisateurs de la consulter r\u00e9guli\u00e8rement. Lorsque des modifications importantes sont apport\u00e9es \u00e0 cette politique en mati\u00e8re de cookies, elles sont communiqu\u00e9es aux utilisateurs soit par le biais du site web, soit par courrier \u00e9lectronique aux utilisateurs enregistr\u00e9s.<\/span><\/p>\n<\/div>\n<\/div><\/section><br \/>\n\n<style type=\"text\/css\" data-created_by=\"avia_inline_auto\" id=\"style-css-av-jn1f92m3-7dbd126bfda66e8bc2e88634534727d2\">\n#top .hr.hr-invisible.av-jn1f92m3-7dbd126bfda66e8bc2e88634534727d2{\nheight:50px;\n}\n<\/style>\n<div  class='hr av-jn1f92m3-7dbd126bfda66e8bc2e88634534727d2 hr-invisible  avia-builder-el-5  el_after_av_textblock  avia-builder-el-last'><span class='hr-inner'><span class=\"hr-inner-style\"><\/span><\/span><\/div><\/p><\/div>\n<style type=\"text\/css\" data-created_by=\"avia_inline_auto\" id=\"style-css-av-4nfh6-df6b61de2af3e9997055c14bf22940e4\">\n.flex_column.av-4nfh6-df6b61de2af3e9997055c14bf22940e4{\nborder-radius:0px 0px 0px 0px;\npadding:0px 0px 0px 0px;\n}\n<\/style>\n<div  class='flex_column av-4nfh6-df6b61de2af3e9997055c14bf22940e4 av_one_fourth  avia-builder-el-6  el_after_av_three_fourth  avia-builder-el-last  flex_column_div av-zero-column-padding'     ><\/div>","protected":false},"excerpt":{"rendered":"","protected":false},"author":4,"featured_media":0,"parent":0,"menu_order":12,"comment_status":"closed","ping_status":"closed","template":"","meta":{"footnotes":""},"class_list":["post-3702","page","type-page","status-publish","hentry"],"_links":{"self":[{"href":"https:\/\/voraz.es\/fr\/wp-json\/wp\/v2\/pages\/3702","targetHints":{"allow":["GET"]}}],"collection":[{"href":"https:\/\/voraz.es\/fr\/wp-json\/wp\/v2\/pages"}],"about":[{"href":"https:\/\/voraz.es\/fr\/wp-json\/wp\/v2\/types\/page"}],"author":[{"embeddable":true,"href":"https:\/\/voraz.es\/fr\/wp-json\/wp\/v2\/users\/4"}],"replies":[{"embeddable":true,"href":"https:\/\/voraz.es\/fr\/wp-json\/wp\/v2\/comments?post=3702"}],"version-history":[{"count":0,"href":"https:\/\/voraz.es\/fr\/wp-json\/wp\/v2\/pages\/3702\/revisions"}],"wp:attachment":[{"href":"https:\/\/voraz.es\/fr\/wp-json\/wp\/v2\/media?parent=3702"}],"curies":[{"name":"wp","href":"https:\/\/api.w.org\/{rel}","templated":true}]}}