{"id":632,"date":"2017-02-02T14:27:30","date_gmt":"2017-02-02T14:27:30","guid":{"rendered":"http:\/\/test.kriesi.at\/enfold-2017\/?page_id=632"},"modified":"2026-02-26T07:35:07","modified_gmt":"2026-02-26T07:35:07","slug":"contacto","status":"publish","type":"page","link":"https:\/\/voraz.es\/fr\/contacto\/","title":{"rendered":"Contact"},"content":{"rendered":"<div  class='av_gmaps_sc_main_wrap av_gmaps_main_wrap'><div id='av_gmap_0' class='avia-google-map-container avia-google-map-sc av_gmaps_show_unconditionally av-no-fallback-img' data-mapid='av_gmap_0'  style='height: 450px;'><a class=\"av_gmaps_browser_disabled av_text_confirm_link av_text_confirm_link_visible\" href=\"https:\/\/www.google.com\/maps\/search\/?api=1&#038;query=Sierra%20de%20Grazalema%2028,%20La%20Juaida,%20Viator,%20Almer\u00eda%2004240%20Viator%20%20Spain\" target=\"_blank\">Les cartes ont \u00e9t\u00e9 d\u00e9sactiv\u00e9es par le visiteur sur ce site. Cliquer pour ouvrir la carte dans une nouvelle fen\u00eatre.<\/a><\/div><\/div>\n\n<style type=\"text\/css\" data-created_by=\"avia_inline_auto\" id=\"style-css-av-38vtyw-b10efb974f6ffe3ff686afdaf1dcb5cb\">\n.avia-section.av-38vtyw-b10efb974f6ffe3ff686afdaf1dcb5cb .av-extra-border-element .av-extra-border-inner{\nbackground-color:#ffffff;\n}\n<\/style>\n<div id='av_section_1'  class='avia-section av-38vtyw-b10efb974f6ffe3ff686afdaf1dcb5cb main_color avia-section-large avia-no-border-styling  avia-builder-el-1  el_after_av_google_map  el_before_av_section  avia-bg-style-scroll av-arrow-down-section container_wrap fullsize'  ><div class='container av-section-cont-open' ><div class='template-page content  av-content-full alpha units'><div class='post-entry post-entry-type-page post-entry-632'><div class='entry-content-wrapper clearfix'>\n\n<style type=\"text\/css\" data-created_by=\"avia_inline_auto\" id=\"style-css-av-9yqu8-16822288f62f8d76543ccbd3c8b67982\">\n#top .av-special-heading.av-9yqu8-16822288f62f8d76543ccbd3c8b67982{\npadding-bottom:20px;\nfont-size:40px;\n}\nbody .av-special-heading.av-9yqu8-16822288f62f8d76543ccbd3c8b67982 .av-special-heading-tag .heading-char{\nfont-size:25px;\n}\n#top #wrap_all .av-special-heading.av-9yqu8-16822288f62f8d76543ccbd3c8b67982 .av-special-heading-tag{\nfont-size:40px;\n}\n.av-special-heading.av-9yqu8-16822288f62f8d76543ccbd3c8b67982 .av-subheading{\nfont-size:15px;\n}\n\n@media only screen and (min-width: 480px) and (max-width: 767px){ \n#top #wrap_all .av-special-heading.av-9yqu8-16822288f62f8d76543ccbd3c8b67982 .av-special-heading-tag{\nfont-size:0.8em;\n}\n}\n\n@media only screen and (max-width: 479px){ \n#top #wrap_all .av-special-heading.av-9yqu8-16822288f62f8d76543ccbd3c8b67982 .av-special-heading-tag{\nfont-size:0.8em;\n}\n}\n<\/style>\n<div  class='av-special-heading av-9yqu8-16822288f62f8d76543ccbd3c8b67982 av-special-heading-h2 blockquote modern-quote  avia-builder-el-2  el_before_av_one_half  avia-builder-el-first  av-inherit-size'><h2 class='av-special-heading-tag'  itemprop=\"headline\"  >Contact<\/h2><div class=\"special-heading-border\"><div class=\"special-heading-inner-border\"><\/div><\/div><\/div>\n\n<style type=\"text\/css\" data-created_by=\"avia_inline_auto\" id=\"style-css-av-2uumgw-86ba5fb1721d0085f216ad14d4a41b4c\">\n.flex_column.av-2uumgw-86ba5fb1721d0085f216ad14d4a41b4c{\nborder-radius:0px 0px 0px 0px;\npadding:0px 0px 0px 0px;\n}\n<\/style>\n<div  class='flex_column av-2uumgw-86ba5fb1721d0085f216ad14d4a41b4c av_one_half  avia-builder-el-3  el_after_av_heading  el_before_av_one_half  first flex_column_div av-zero-column-padding'     ><form action=\"https:\/\/voraz.es\/fr\/contacto\/\" method=\"post\" data-fields-with-error=\"Erreurs trouv\u00e9es dans les champs suivants :\" class=\"avia_ajax_form av-form-labels-visible   avia-builder-el-4  avia-builder-el-no-sibling\" data-avia-form-id=\"1\" data-avia-redirect='' data-trp-original-action=\"https:\/\/voraz.es\/fr\/contacto\/\" ><fieldset><p class='first_form  form_element form_element_half' id='element_avia_1_1'><label for=\"avia_1_1\">Nom <abbr class=\"required\" title=\"requis(e)\">*<\/abbr><\/label> <input name=\"avia_1_1\" class=\"text_input is_empty\" type=\"text\" id=\"avia_1_1\" value=\"\" \/><\/p><p class='form_element form_element_half' id='element_avia_2_1'><label for=\"avia_2_1\">Courrier \u00e9lectronique <abbr class=\"required\" title=\"requis(e)\">*<\/abbr><\/label> <input name=\"avia_2_1\" class=\"text_input is_email\" type=\"text\" id=\"avia_2_1\" value=\"\" \/><\/p><p class='first_form  form_element form_element_half' id='element_avia_3_1'><label for=\"avia_3_1\">Navigation Localit\u00e9 <abbr class=\"required\" title=\"requis(e)\">*<\/abbr><\/label> <input name=\"avia_3_1\" class=\"text_input is_empty\" type=\"text\" id=\"avia_3_1\" value=\"\" \/><\/p><p class='form_element form_element_half' id='element_avia_4_1'><label for=\"avia_4_1\">Priv\u00e9 ou professionnel ? <abbr class=\"required\" title=\"requis(e)\">*<\/abbr><\/label><select  name=\"avia_4_1\" class=\"select is_empty\" id=\"avia_4_1\"><option   value='Particular'>Particulier<\/option><option   value='Profesional'>Professionnel<\/option><\/select><\/p><p class='first_form  form_element form_element_half' id='element_avia_5_1'><label for=\"avia_5_1\">T\u00e9l\u00e9phone <abbr class=\"required\" title=\"requis(e)\">*<\/abbr><\/label> <input name=\"avia_5_1\" class=\"text_input is_phone\" type=\"text\" id=\"avia_5_1\" value=\"\" \/><\/p><p class='form_element form_element_half' id='element_avia_6_1'><label for=\"avia_6_1\">Sujet <abbr class=\"required\" title=\"requis(e)\">*<\/abbr><\/label> <input name=\"avia_6_1\" class=\"text_input is_empty\" type=\"text\" id=\"avia_6_1\" value=\"\" \/><\/p><p class='first_form  form_element form_fullwidth' id='element_avia_7_1'><label for=\"avia_7_1\" class=\"textare_label hidden textare_label_avia_7_1\">Message <abbr class=\"required\" title=\"requis(e)\">*<\/abbr><\/label><textarea  name=\"avia_7_1\" class=\"text_area is_empty\" cols=\"40\" rows=\"7\" id=\"avia_7_1\" ><\/textarea><\/p><p class=\"hidden\"><input type=\"text\" name=\"avia_8_1\" class=\"hidden\" id=\"avia_8_1\" value=\"\" \/><\/p><div id='avia_9_1' class='av-recaptcha-area  first_form  form_element form_fullwidth av-last-visible-form-element'  data-container_class=\"\" data-custom_class=\"\" data-context=\"av_contact_form\" data-token_input=\"av_recaptcha_token\" data-version=\"avia_recaptcha_v3\" data-theme=\"light\" data-size=\"normal\" data-score=\"0.6\" data-text_to_preview=\"\" data-value=\"\"><div class=\"av-google-badge-message hidden\">Ce site est prot\u00e9g\u00e9 par reCAPTCHA et par la loi sur la protection des donn\u00e9es. <a href=\"https:\/\/policies.google.com\/privacy\" target=\"_blank\" rel=\"noopener noreferrer\">Politique de confidentialit\u00e9<\/a> de Google et <a href=\"https:\/\/policies.google.com\/terms\" target=\"_blank\" rel=\"noopener noreferrer\">leurs conditions d'utilisation<\/a> s'appliquent.<\/div><\/div><p class='av_form_privacy_check av_contact_privacy_check first_form  form_element form_fullwidth' id='element_avia_10_1'><input  name=\"avia_10_1\" class=\"input_checkbox is_empty\" type=\"checkbox\" id=\"avia_10_1\" value=\"true\"\/><label class=\"input_checkbox_label\" for=\"avia_10_1\">J'accepte les conditions de la  <a href='https:\/\/voraz.es\/fr\/politica-de-privacidad\/' target='_blank'>politique de confidentialit\u00e9<\/a> <abbr class=\"required\" title=\"requis(e)\">*<\/abbr><\/label><\/p><p class=\"form_element\"><input type=\"hidden\" value=\"1\" name=\"avia_generated_form1\" \/><input type=\"submit\" value=\"Soumettre le formulaire\" class=\"button\"  data-sending-label=\"Envoi\"\/><\/p><\/fieldset><div class=\"avia-disabled-form\">Ce formulaire est d\u00e9sactiv\u00e9 dans la mesure o\u00f9 vous refusez d\u2019accepter le service Google reCAPTCHA n\u00e9cessaire pour valider toute exp\u00e9dition de message depuis celui-ci.<\/div><input type=\"hidden\" name=\"trp-form-language\" value=\"fr\"\/><\/form><div id=\"ajaxresponse_1\" class=\"ajaxresponse ajaxresponse_1 hidden\"><\/div><\/div>\n<style type=\"text\/css\" data-created_by=\"avia_inline_auto\" id=\"style-css-av-1xcfmo-78287428818c048d7f7d6720569f7f38\">\n.flex_column.av-1xcfmo-78287428818c048d7f7d6720569f7f38{\nborder-radius:0px 0px 0px 0px;\npadding:0px 0px 0px 0px;\n}\n<\/style>\n<div  class='flex_column av-1xcfmo-78287428818c048d7f7d6720569f7f38 av_one_half  avia-builder-el-5  el_after_av_one_half  avia-builder-el-last  flex_column_div av-zero-column-padding'     ><section  class='av_textblock_section av-1p39bs-19bf6a0e1113fc370fdb837a29d750b3'   itemscope=\"itemscope\" itemtype=\"https:\/\/schema.org\/CreativeWork\" ><div class='avia_textblock'  itemprop=\"text\" ><p>Vous pouvez \u00e9galement nous rendre visite ou nous appeler :<\/p>\n<h4>ADRESSE<\/h4>\n<p class=\"font_8\"><span class=\"color_11\">C\/ Sierra de Grazalema, 28<br \/>\n<\/span><span class=\"color_11\">Zone industrielle de La Juaida<br \/>\n<\/span><span class=\"color_11\">04240 - Viator - ( Almer\u00eda )<\/span><\/p>\n<h4>CONTACT<\/h4>\n<p class=\"font_8\"><span class=\"color_11\">(+34) 666 521 122<\/span><\/p>\n<h4><\/h4>\n<\/div><\/section><\/div><\/div><\/div><\/div><!-- close content main div --><\/div><div class='av-extra-border-element border-extra-arrow-down'><div class='av-extra-border-outer'><div class='av-extra-border-inner'><\/div><\/div><\/div><\/div>\n<style type=\"text\/css\" data-created_by=\"avia_inline_auto\" id=\"style-css-av-i9zgm6-9fdcb24882323edc4e43a1f883732417\">\n.avia-section.av-i9zgm6-9fdcb24882323edc4e43a1f883732417{\nbackground-repeat:no-repeat;\nbackground-image:url(https:\/\/voraz.es\/wp-content\/uploads\/2018\/09\/fondo-form-distribucion.jpg);\nbackground-position:50% 50%;\nbackground-attachment:fixed;\n}\n.avia-section.av-i9zgm6-9fdcb24882323edc4e43a1f883732417 .av-section-color-overlay{\nopacity:0.7;\nbackground-color:#01146d;\n}\n<\/style>\n<div id='newsletter'  class='avia-section av-i9zgm6-9fdcb24882323edc4e43a1f883732417 main_color avia-section-huge avia-no-border-styling  avia-builder-el-7  el_after_av_section  avia-builder-el-last  avia-full-stretch avia-bg-style-fixed av-section-color-overlay-active container_wrap fullsize'  data-section-bg-repeat='stretch'><div class=\"av-section-color-overlay-wrap\"><div class=\"av-section-color-overlay\"><\/div><div class='container av-section-cont-open' ><div class='template-page content  av-content-full alpha units'><div class='post-entry post-entry-type-page post-entry-632'><div class='entry-content-wrapper clearfix'>\n\n<style type=\"text\/css\" data-created_by=\"avia_inline_auto\" id=\"style-css-av-djjuu-66f8a87cd0147422e38a21eb2eb13577\">\n#top .av-special-heading.av-djjuu-66f8a87cd0147422e38a21eb2eb13577{\npadding-bottom:20px;\ncolor:#ffffff;\nfont-size:40px;\n}\nbody .av-special-heading.av-djjuu-66f8a87cd0147422e38a21eb2eb13577 .av-special-heading-tag .heading-char{\nfont-size:25px;\n}\n#top #wrap_all .av-special-heading.av-djjuu-66f8a87cd0147422e38a21eb2eb13577 .av-special-heading-tag{\nfont-size:40px;\n}\n.av-special-heading.av-djjuu-66f8a87cd0147422e38a21eb2eb13577 .special-heading-inner-border{\nborder-color:#ffffff;\n}\n.av-special-heading.av-djjuu-66f8a87cd0147422e38a21eb2eb13577 .av-subheading{\nfont-size:15px;\n}\n\n@media only screen and (min-width: 480px) and (max-width: 767px){ \n#top #wrap_all .av-special-heading.av-djjuu-66f8a87cd0147422e38a21eb2eb13577 .av-special-heading-tag{\nfont-size:0.8em;\n}\n}\n\n@media only screen and (max-width: 479px){ \n#top #wrap_all .av-special-heading.av-djjuu-66f8a87cd0147422e38a21eb2eb13577 .av-special-heading-tag{\nfont-size:0.8em;\n}\n}\n<\/style>\n<div  class='av-special-heading av-djjuu-66f8a87cd0147422e38a21eb2eb13577 av-special-heading-h1 custom-color-heading blockquote modern-quote modern-centered  avia-builder-el-8  el_before_av_hr  avia-builder-el-first  av-thin-font av-inherit-size'><h1 class='av-special-heading-tag'  itemprop=\"headline\"  ><strong>Vous souhaitez distribuer nos produits ?<\/strong><\/h1><div class=\"special-heading-border\"><div class=\"special-heading-inner-border\"><\/div><\/div><\/div>\n\n<style type=\"text\/css\" data-created_by=\"avia_inline_auto\" id=\"style-css-av-1g2t7q-02363a360ce8f0ff3ae64ace1bcf4178\">\n#top .hr.hr-invisible.av-1g2t7q-02363a360ce8f0ff3ae64ace1bcf4178{\nheight:30px;\n}\n<\/style>\n<div  class='hr av-1g2t7q-02363a360ce8f0ff3ae64ace1bcf4178 hr-invisible  avia-builder-el-9  el_after_av_heading  el_before_av_one_fourth'><span class='hr-inner'><span class=\"hr-inner-style\"><\/span><\/span><\/div>\n\n<style type=\"text\/css\" data-created_by=\"avia_inline_auto\" id=\"style-css-av-hptjwe-ead6f9e0e75ede3c9322dc5507b89bb4\">\n.flex_column.av-hptjwe-ead6f9e0e75ede3c9322dc5507b89bb4{\nborder-radius:0px 0px 0px 0px;\npadding:0px 0px 0px 0px;\n}\n<\/style>\n<div  class='flex_column av-hptjwe-ead6f9e0e75ede3c9322dc5507b89bb4 av_one_fourth  avia-builder-el-10  el_after_av_hr  el_before_av_one_half  first flex_column_div av-animated-generic fade-in av-zero-column-padding'     ><\/div>\n<style type=\"text\/css\" data-created_by=\"avia_inline_auto\" id=\"style-css-av-hptjwe-2-0c2991d623836d116183ef4be4177088\">\n.flex_column.av-hptjwe-2-0c2991d623836d116183ef4be4177088{\nborder-radius:0px 0px 0px 0px;\npadding:0px 0px 0px 0px;\n}\n<\/style>\n<div  class='flex_column av-hptjwe-2-0c2991d623836d116183ef4be4177088 av_one_half  avia-builder-el-11  el_after_av_one_fourth  el_before_av_one_fourth  flex_column_div av-animated-generic fade-in av-zero-column-padding'     ><div  class='avia-button-wrap avia-button-center  avia-builder-el-12  avia-builder-el-no-sibling'>\n<style type=\"text\/css\" data-created_by=\"avia_inline_auto\" id=\"style-css-av-jobfznmy-51cc6f8e64ae874ccf1af0d108f1d332\">\n#top #wrap_all .avia-button.av-jobfznmy-51cc6f8e64ae874ccf1af0d108f1d332{\ncolor:#ffffff;\ntransition:all 0.4s ease-in-out;\n}\n#top #wrap_all .avia-button.av-jobfznmy-51cc6f8e64ae874ccf1af0d108f1d332:hover{\ncolor:#ffffff;\ntransition:all 0.4s ease-in-out;\n}\n#top #wrap_all .avia-button.av-jobfznmy-51cc6f8e64ae874ccf1af0d108f1d332 .avia-svg-icon svg:first-child{\nfill:#ffffff;\nstroke:#ffffff;\n}\n#top #wrap_all .avia-button.av-jobfznmy-51cc6f8e64ae874ccf1af0d108f1d332:hover .avia-svg-icon svg:first-child{\nfill:#ffffff;\nstroke:#ffffff;\n}\n<\/style>\n<a href='https:\/\/voraz.es\/fr\/distribuidores\/' class='avia-color-theme-color avia-button avia-button-fullwidth av-jobfznmy-51cc6f8e64ae874ccf1af0d108f1d332 avia-icon_select-yes-left-icon avia-color-theme-color'   aria-label=\"Visitez la section Distributeurs\"><span class='avia_button_icon avia_button_icon_left avia-iconfont avia-font-entypo-fontello' data-av_icon='\ue832' data-av_iconfont='entypo-fontello' ><\/span><span class='avia_iconbox_title' >Visitez la section Distributeurs<\/span><span class='avia_button_background avia-button avia-button-fullwidth avia-color-theme-color'><\/span><\/a><\/div><\/div>\n<style type=\"text\/css\" data-created_by=\"avia_inline_auto\" id=\"style-css-av-hptjwe-1-ebfbfa5b5703f69cfbdd2baa7f7b5ccc\">\n.flex_column.av-hptjwe-1-ebfbfa5b5703f69cfbdd2baa7f7b5ccc{\nborder-radius:0px 0px 0px 0px;\npadding:0px 0px 0px 0px;\n}\n<\/style>\n<div  class='flex_column av-hptjwe-1-ebfbfa5b5703f69cfbdd2baa7f7b5ccc av_one_fourth  avia-builder-el-13  el_after_av_one_half  avia-builder-el-last  flex_column_div av-animated-generic fade-in av-zero-column-padding'     ><\/div>\n<\/p>","protected":false},"excerpt":{"rendered":"","protected":false},"author":4,"featured_media":0,"parent":0,"menu_order":9,"comment_status":"closed","ping_status":"closed","template":"","meta":{"footnotes":""},"class_list":["post-632","page","type-page","status-publish","hentry"],"_links":{"self":[{"href":"https:\/\/voraz.es\/fr\/wp-json\/wp\/v2\/pages\/632","targetHints":{"allow":["GET"]}}],"collection":[{"href":"https:\/\/voraz.es\/fr\/wp-json\/wp\/v2\/pages"}],"about":[{"href":"https:\/\/voraz.es\/fr\/wp-json\/wp\/v2\/types\/page"}],"author":[{"embeddable":true,"href":"https:\/\/voraz.es\/fr\/wp-json\/wp\/v2\/users\/4"}],"replies":[{"embeddable":true,"href":"https:\/\/voraz.es\/fr\/wp-json\/wp\/v2\/comments?post=632"}],"version-history":[{"count":3,"href":"https:\/\/voraz.es\/fr\/wp-json\/wp\/v2\/pages\/632\/revisions"}],"predecessor-version":[{"id":5782,"href":"https:\/\/voraz.es\/fr\/wp-json\/wp\/v2\/pages\/632\/revisions\/5782"}],"wp:attachment":[{"href":"https:\/\/voraz.es\/fr\/wp-json\/wp\/v2\/media?parent=632"}],"curies":[{"name":"wp","href":"https:\/\/api.w.org\/{rel}","templated":true}]}}